{"id":17,"date":"2017-03-14T12:22:31","date_gmt":"2017-03-14T12:22:31","guid":{"rendered":"http:\/\/fedecon.de\/?page_id=17"},"modified":"2017-08-10T10:38:17","modified_gmt":"2017-08-10T10:38:17","slug":"beratung","status":"publish","type":"page","link":"https:\/\/fedecon.de\/?page_id=17","title":{"rendered":"Beratung"},"content":{"rendered":"<p style=\"text-align: center;\">Ver\u00e4nderungen in allen Branchen erfordern ein schnelles agieren oder reagieren. Das sind die Herausforderungen, denen sie sich als Unternehmer, mehr den j\u00e4h, in der Zukunft stellen m\u00fcssen. Die rasanten technischen Entwicklungen erwartet von allen Beteiligten ein H\u00f6chstma\u00df an Aufmerksamkeit, Reaktionsbereitschaft und Flexibilit\u00e4t. In den meisten Unternehmen, werden die wichtigsten Entscheidungen mittlerweile am Schreibtisch und nicht mehr in der Praxis getroffen. Wir haben unser Dienstleistungsangebot aus diesen Gr\u00fcnden abgestimmt und unterst\u00fctzen unsere Kunden praktisch bei der Bew\u00e4ltigung dieser Herausforderungen.<\/p>\n<p>&nbsp;<\/p>\n<p>Unser Beratungsangebot richtet sich sowohl an:<img decoding=\"async\" loading=\"lazy\" class=\"alignright wp-image-189 size-large\" src=\"http:\/\/fedecon.de\/wp-content\/uploads\/2017\/03\/consul-1024x767.png\" alt=\"\" width=\"640\" height=\"479\" srcset=\"https:\/\/fedecon.de\/wp-content\/uploads\/2017\/03\/consul-1024x767.png 1024w, https:\/\/fedecon.de\/wp-content\/uploads\/2017\/03\/consul-300x225.png 300w, https:\/\/fedecon.de\/wp-content\/uploads\/2017\/03\/consul-768x576.png 768w, https:\/\/fedecon.de\/wp-content\/uploads\/2017\/03\/consul.png 1385w\" sizes=\"(max-width: 640px) 100vw, 640px\" \/><\/p>\n<p>&nbsp;<\/p>\n<ul>\n<li><strong>Lackierbetriebe im industriellen Bereichen<\/strong><\/li>\n<\/ul>\n<ul>\n<li><strong>Anbietern von Werkstattkonzeptionen, Werkstattsystemen und Franchisegebern<\/strong><\/li>\n<\/ul>\n<ul>\n<li><strong>Kfz-Betriebe in den Bereichen &#8222;Unfallreparatur und Fahrzeuglackierungen&#8220;<\/strong><\/li>\n<\/ul>\n<ul>\n<li><strong>Kfz-Teilehersteller und Handel<\/strong><\/li>\n<\/ul>\n<p>&nbsp;<\/p>\n<p>Hierf\u00fcr greifen wir auf ein Netzwerk von spezialisierten Beratern mit langj\u00e4hriger Branchenerfahrung aus den unterschiedlichsten Bereichen der Automobil- und Lackindustrie zur\u00fcck.<\/p>\n<p>&nbsp;<\/p>\n<p>&nbsp;<\/p>\n<p>Unser Unternehmensziel:<\/p>\n<p>\u201eGemeinsam mit unseren Klienten den wirtschaftlichen Erfolg Ihres Unternehmens abzusichern und erfolgreich zu forcieren\u201c.<\/p>\n","protected":false},"excerpt":{"rendered":"<p>Ver\u00e4nderungen in allen Branchen erfordern ein schnelles agieren oder reagieren. Das sind die Herausforderungen, denen sie sich als Unternehmer, mehr den j\u00e4h, in der Zukunft stellen m\u00fcssen. Die rasanten technischen Entwicklungen erwartet von allen Beteiligten ein H\u00f6chstma\u00df an Aufmerksamkeit, Reaktionsbereitschaft und Flexibilit\u00e4t. In den meisten Unternehmen, werden die wichtigsten Entscheidungen mittlerweile am Schreibtisch und nicht&#8230;<\/p>\n","protected":false},"author":1,"featured_media":167,"parent":0,"menu_order":0,"comment_status":"closed","ping_status":"closed","template":"","meta":{"footnotes":""},"_links":{"self":[{"href":"https:\/\/fedecon.de\/index.php?rest_route=\/wp\/v2\/pages\/17"}],"collection":[{"href":"https:\/\/fedecon.de\/index.php?rest_route=\/wp\/v2\/pages"}],"about":[{"href":"https:\/\/fedecon.de\/index.php?rest_route=\/wp\/v2\/types\/page"}],"author":[{"embeddable":true,"href":"https:\/\/fedecon.de\/index.php?rest_route=\/wp\/v2\/users\/1"}],"replies":[{"embeddable":true,"href":"https:\/\/fedecon.de\/index.php?rest_route=%2Fwp%2Fv2%2Fcomments&post=17"}],"version-history":[{"count":5,"href":"https:\/\/fedecon.de\/index.php?rest_route=\/wp\/v2\/pages\/17\/revisions"}],"predecessor-version":[{"id":156,"href":"https:\/\/fedecon.de\/index.php?rest_route=\/wp\/v2\/pages\/17\/revisions\/156"}],"wp:featuredmedia":[{"embeddable":true,"href":"https:\/\/fedecon.de\/index.php?rest_route=\/wp\/v2\/media\/167"}],"wp:attachment":[{"href":"https:\/\/fedecon.de\/index.php?rest_route=%2Fwp%2Fv2%2Fmedia&parent=17"}],"curies":[{"name":"wp","href":"https:\/\/api.w.org\/{rel}","templated":true}]}}