{"id":19,"date":"2017-03-14T12:22:43","date_gmt":"2017-03-14T12:22:43","guid":{"rendered":"http:\/\/fedecon.de\/?page_id=19"},"modified":"2017-03-23T11:47:28","modified_gmt":"2017-03-23T11:47:28","slug":"immobilien","status":"publish","type":"page","link":"https:\/\/fedecon.de\/?page_id=19","title":{"rendered":"Immobilien"},"content":{"rendered":"<p>Die FEDECON GmbH ist ein Dienstleistungsunternehmen, welches sich u.a. auf die Vermittlung von gewerblichen Immobilien spezialisiert hat. Gerne bieten wir Ihnen aus unserem Immobilienbestand, die f\u00fcr Sie stimmigen Lager- oder Produktionsfl\u00e4chen, das entsprechende Gewerbegrundst\u00fcck, ein verkehrstechnisch ideal angebundenes Umschlaglager, sowie entsprechende B\u00fcro- oder Servicefl\u00e4chen zur Miete oder zum Kauf an. Neben der Verwaltung k\u00fcmmern wir uns auch um die Vermietung mit allen dazu geh\u00f6rigen T\u00e4tigkeiten:<\/p>\n<table>\n<tbody>\n<tr>\n<td width=\"198\">\r\n<div class=\"slider_2\">\r\n\t\t<ul id=\"slider_2\" class=\"huge-it-slider\" data-autoplay=\"0\">\r\n\t\t\t\t\t\t\t<li class=\"group\">\r\n\t\t\t\t\t\t\t\t\t\t\t\t\t<img src=\"https:\/\/fedecon.de\/wp-content\/uploads\/2017\/03\/immo1.png\" alt=\"\"\/>\r\n\t\t\t\t\t\t\t\t\t\t\t\t\t\t\t\t\t\t\t\t\t\t\t<\/li>\r\n\t\t\t\t\t\t\t\t\t\t<li class=\"group\">\r\n\t\t\t\t\t\t\t\t\t\t\t\t\t<img src=\"https:\/\/fedecon.de\/wp-content\/uploads\/2017\/03\/immo3.png\" alt=\"\"\/>\r\n\t\t\t\t\t\t\t\t\t\t\t\t\t\t\t\t\t\t\t\t\t\t\t<\/li>\r\n\t\t\t\t\t\t\t\t\t\t<li class=\"group\">\r\n\t\t\t\t\t\t\t\t\t\t\t\t\t<img src=\"https:\/\/fedecon.de\/wp-content\/uploads\/2017\/03\/immo2.png\" alt=\"\"\/>\r\n\t\t\t\t\t\t\t\t\t\t\t\t\t\t\t\t\t\t\t\t\t\t\t<\/li>\r\n\t\t\t\t\t\t<\/ul>\r\n<\/div>\r\n<script>\r\n\tjQuery(function (){\r\n\t\tjQuery('#slider_2').sliderPlugin({\r\n\t\t\tmaxWidth: singleSlider_2.width,\r\n\t\t\tmaxHeight: singleSlider_2.height,\r\n\t\t\ttransition: singleSlider_2.effect,\r\n\t\t\tcontrols: singleSlider_2.navigate_by,\r\n\t\t\tcropImage: hugeitSliderObj.crop_image,\r\n\t\t\tnavigation: hugeitSliderObj.show_arrows,\r\n\t\t\tdelay: +singleSlider_2.pause_time,\r\n\t\t\ttransitionDuration: +singleSlider_2.change_speed,\r\n\t\t\tpauseOnHover: singleSlider_2.pause_on_hover\r\n\t\t});\r\n\t});\r\n<\/script><style>\r\nul#slider_2 {\r\n\tmargin: 0;\r\n\twidth: 100%;\r\n\theight: 100%;\r\n\tmax-width: 400px;\r\n\tmax-height: 300px;\r\n\toverflow: visible;\r\n\tpadding: 0;\r\n}\r\n\r\n.slider_2 {\r\n\twidth: 100%;\r\n\theight: 100%;\r\n\tmax-width: 400px;\r\n\tmax-height: 300px;\r\nmargin: 0 auto;}\r\n.huge-it-wrap:after,\r\n.huge-it-slider:after,\r\n.huge-it-thumb-wrap:after,\r\n.huge-it-arrows:after,\r\n.huge-it-caption:after {\r\n\tcontent: \".\";\r\n\tdisplay: block;\r\n\theight: 0;\r\n\tclear: both;\r\n\tline-height: 0;\r\n\tvisibility: hidden;\r\n}\r\n\r\n.video_cover, .playSlider, .pauseSlider, div[class*=playButton] {\r\n\tdisplay: none !important;\r\n}\r\n\r\n.huge-it-thumb-wrap .video_cover {\r\n\tdisplay: block !important;\r\n}\r\n\r\niframe.huge_it_vimeo_iframe {\r\n\theight: 300px;\r\n}\r\n\r\ndiv[class*=slider-loader-] {\r\n\tbackground: rgba(0, 0, 0, 0) url(https:\/\/fedecon.de\/wp-content\/plugins\/slider-image\/assets\/images\/front\/loading\/loading1.gif) no-repeat center;\r\n\theight: 90px;\r\n\toverflow: hidden;\r\n\tposition: absolute;\r\n\ttop: 105px;;\r\n\twidth: 400px;;\r\n\tz-index: 3;\r\n}\r\n\r\n.huge-it-wrap {\r\n\topacity: 0;\r\n\tposition: relative;\r\n\tborder: 0px solid #ffffff;\r\n\t-webkit-border-radius: 0px;\r\n\t-moz-border-radius: 0px;\r\n\tborder-radius: 0px;\r\n\toverflow: hidden;;\r\n}\r\n\r\n.huge-it-slide-bg {\r\n\tbackground: rgba(255,255,255,1);\r\n}\r\n\r\n.huge-it-caption {\r\n\tposition: absolute;\r\n\tdisplay: block;\r\n}\r\n\r\n.huge-it-caption div {\r\n\tpadding: 10px 20px;\r\n\tline-height: normal;\r\n}\r\n\r\n.slider-title {\r\n\twidth: calc(30% - 20px);\r\n\tmargin: 10px;\r\n\tfont-size: 13px;\r\n\tcolor: #000000;\r\n\ttext-align: right;\r\n\tbackground: rgba(255,255,255,0.7);\r\n\tborder: 0px solid #ffffff;\r\n\tborder-radius: 4px;\r\nright: 0 !important; top: 0;}\r\n\r\n.slider-description {\r\n\twidth: calc(70% - 20px);\r\n\tmargin: 10px;\r\n\tfont-size: 13px;\r\n\tcolor: #ffffff;\r\n\ttext-align: justify;\r\n\tbackground: rgba(0,0,0,0.7);\r\n\r\n\r\n\tborder: 0px solid #ffffff;\r\n\tborder-radius: 0px;\r\nright: 0 !important; bottom: 0;}\r\n\r\n.slider_2 .huge-it-slider > li {\r\n\tlist-style: none;\r\n\tfilter: alpha(opacity=0);\r\n\topacity: 0;\r\n\twidth: 100%;\r\n\theight: 100%;\r\n\tmargin: 0 -100% 0 0;\r\n\tpadding: 0;\r\n\tfloat: left;\r\n\tposition: relative;\r\n\t;\r\n\toverflow: hidden;\r\n}\r\n\r\n.slider_2 .huge-it-slider > li > a {\r\n\tdisplay: block;\r\n\tpadding: 0;\r\n\tbackground: none;\r\n\t-webkit-border-radius: 0;\r\n\t-moz-border-radius: 0;\r\n\tborder-radius: 0;\r\n\twidth: 100%;\r\n\theight: 100%;\r\n}\r\n\r\n.slider_2 .huge-it-slider > li img {\r\n\tmax-width: 100%;\r\n\tmax-height: 100%;\r\n\tmargin: 0;\r\n\tcursor: pointer;\t\r\n}\r\n\r\n.slider_2 .huge-it-slide-bg, .slider_2 .huge-it-slider > li, .slider_2 .huge-it-slider > li > a, .slider_2 .huge-it-slider > li img {\r\n\t;\r\n}\r\n\r\n.huge-it-dot-wrap {\r\n\tposition: absolute;\r\ntop: 5px;height: 20px;\tleft: 50%;\r\n\ttransform: translateX(-50%);\r\n\tz-index: 999;\r\n}\r\n\r\n.huge-it-dot-wrap a {\r\n\t-webkit-border-radius: 8px;\r\n\t-moz-border-radius: 8px;\r\n\tborder-radius: 8px;\r\n\tcursor: pointer;\r\n\tdisplay: block;\r\n\tfloat: left;\r\n\theight: 11px;\r\n\tmargin: 2px !important;\r\n\tposition: relative;\r\n\ttext-align: left;\r\n\ttext-indent: 9999px;\r\n\twidth: 11px !important;\r\n\tbackground: #000000;\r\n\tbox-shadow: none;\r\n}\r\n\r\n.huge-it-dot-wrap a.active:focus, .huge-it-dot-wrap a:focus,\r\n.huge-it-thumb-wrap > a:focus, .huge-it-thumb-wrap > a.active:focus {\r\n\toutline: none;\r\n}\r\n\r\n.huge-it-dot-wrap a:hover {\r\n\tbackground: #000000;\r\n\tbox-shadow: none !important;\r\n}\r\n\r\n.huge-it-dot-wrap a.active {\r\n\tbackground: #ffffff;\r\n\tbox-shadow: none;\r\n}\r\n\r\n.huge-it-thumb-wrap {\r\n\tbackground: #ffffff;\r\n\theight: 105px ;\r\n\tmargin-left: 0;\r\n}\r\n\r\n.huge-it-thumb-wrap a.active img {\r\n\tborder-radius: 5px;\r\n\topacity: 1;\r\n}\r\n\r\n.huge-it-thumb-wrap > a {\r\n\theight: 100px;\r\n\tdisplay: block;\r\n\tfloat: left;\r\n\tposition: relative;\r\n\t-moz-box-sizing: border-box;\r\n\t-webkit-box-sizing: border-box;\r\n\tbox-sizing: border-box;\r\n\tbackground: #ffffff;\r\n}\r\n\r\n.huge-it-thumb-wrap a img {\r\n\topacity: 1;\r\n\theight: 100px;\r\n\twidth: 100%;\r\n\tdisplay: block;\r\n\t-ms-interpolation-mode: bicubic;\r\n\tbox-shadow: none !important;\r\n}\r\n\r\n.huge-it-grid {\r\n\tposition: absolute;\r\n\toverflow: hidden;\r\n\twidth: 100%;\r\n\theight: 100%;\r\n\tdisplay: none;\r\n}\r\n\r\n.huge-it-gridlet {\r\n\tposition: absolute;\r\n\topacity: 1;\r\n}\r\n\r\n.huge-it-arrows .huge-it-next,\r\n.huge-it-arrows .huge-it-prev {\r\n\tz-index: 1;\r\n}\r\n\r\n.huge-it-arrows:hover .huge-it-next,\r\n.huge-it-arrows:hover .huge-it-prev {\r\n\tz-index: 2;\r\n}\r\n\r\n.huge-it-arrows {\r\n\tcursor: pointer;\r\n\theight: 40px;\r\n\tmargin-top: -20px;\r\n\tposition: absolute;\r\n\ttop: 50%;\r\n\t\/*transform: translateY(-50%);*\/\r\n\twidth: 40px;\r\n\tz-index: 2;\r\n\tcolor: rgba(0, 0, 0, 0);\r\n\toutline: none;\r\n\tbox-shadow: none !important;\r\n}\r\n\r\n.huge-it-arrows:hover, .huge-it-arrows:active, .huge-it-arrows:focus,\r\n.huge-it-dot-wrap a:hover, .huge-it-dot-wrap a:active, .huge-it-dot-wrap a:focus {\r\n\toutline: none;\r\n\tbox-shadow: none !important;\r\n}\r\n\r\n.ts-arrow:hover {\r\n\topacity: .95;\r\n\ttext-decoration: none;\r\n}\r\n\r\n.huge-it-prev {\r\n\tleft:0;\r\n\tmargin-top:-21px;\r\n\theight:43px;\r\n\twidth:29px;\r\n\tbackground:url(https:\/\/fedecon.de\/wp-content\/plugins\/slider-image\/assets\/images\/front\/arrows\/arrows1.png) left  top no-repeat;\r\n\tbackground-size: 200%;\r\n}\r\n\r\n.huge-it-next {\r\n\tright:0;\r\n\tmargin-top:-21px;\r\n\theight:43px;\r\n\twidth:29px;\r\n\tbackground:url(https:\/\/fedecon.de\/wp-content\/plugins\/slider-image\/assets\/images\/front\/arrows\/arrows1.png) right top no-repeat;\r\n\tbackground-size: 200%;\r\n\r\n}\r\n<\/style>\r\n<\/td>\n<td width=\"198\">\r\n<div class=\"slider_1\">\r\n\t<div class=\"slider-loader-1\"><\/div>\t<ul id=\"slider_1\" class=\"huge-it-slider\" data-autoplay=\"0\">\r\n\t\t\t\t\t\t\t<li class=\"group\">\r\n\t\t\t\t\t\t\t\t\t\t\t\t\t<img src=\"https:\/\/fedecon.de\/wp-content\/uploads\/2017\/03\/Gebaeude.jpg\" alt=\"\"\/>\r\n\t\t\t\t\t\t\t\t\t\t\t\t\t\t\t\t\t\t\t\t\t\t\t<\/li>\r\n\t\t\t\t\t\t\t\t\t\t<li class=\"group\">\r\n\t\t\t\t\t\t\t\t\t\t\t\t\t<img src=\"https:\/\/fedecon.de\/wp-content\/uploads\/2017\/03\/halle4.png\" alt=\"\"\/>\r\n\t\t\t\t\t\t\t\t\t\t\t\t\t\t\t\t\t\t\t\t\t\t\t<\/li>\r\n\t\t\t\t\t\t\t\t\t\t<li class=\"group\">\r\n\t\t\t\t\t\t\t\t\t\t\t\t\t<img src=\"https:\/\/fedecon.de\/wp-content\/uploads\/2017\/03\/Halle2.png\" alt=\"\"\/>\r\n\t\t\t\t\t\t\t\t\t\t\t\t\t\t\t\t\t\t\t\t\t\t\t<\/li>\r\n\t\t\t\t\t\t\t\t\t\t<li class=\"group\">\r\n\t\t\t\t\t\t\t\t\t\t\t\t\t<img src=\"https:\/\/fedecon.de\/wp-content\/uploads\/2017\/03\/grundst\u00fcck1.png\" alt=\"\"\/>\r\n\t\t\t\t\t\t\t\t\t\t\t\t\t\t\t\t\t\t\t\t\t\t\t<\/li>\r\n\t\t\t\t\t\t\t\t\t\t<li class=\"group\">\r\n\t\t\t\t\t\t\t\t\t\t\t\t\t<img src=\"https:\/\/fedecon.de\/wp-content\/uploads\/2017\/03\/Halle1.png\" alt=\"\"\/>\r\n\t\t\t\t\t\t\t\t\t\t\t\t\t\t\t\t\t\t\t\t\t\t\t<\/li>\r\n\t\t\t\t\t\t\t\t\t\t<li class=\"group\">\r\n\t\t\t\t\t\t\t\t\t\t\t\t\t<img src=\"https:\/\/fedecon.de\/wp-content\/uploads\/2017\/03\/halle3.png\" alt=\"\"\/>\r\n\t\t\t\t\t\t\t\t\t\t\t\t\t\t\t\t\t\t\t\t\t\t\t<\/li>\r\n\t\t\t\t\t\t<\/ul>\r\n<\/div>\r\n<script>\r\n\tjQuery(function (){\r\n\t\tjQuery('#slider_1').sliderPlugin({\r\n\t\t\tmaxWidth: singleSlider_1.width,\r\n\t\t\tmaxHeight: singleSlider_1.height,\r\n\t\t\ttransition: singleSlider_1.effect,\r\n\t\t\tcontrols: singleSlider_1.navigate_by,\r\n\t\t\tcropImage: hugeitSliderObj.crop_image,\r\n\t\t\tnavigation: hugeitSliderObj.show_arrows,\r\n\t\t\tdelay: +singleSlider_1.pause_time,\r\n\t\t\ttransitionDuration: +singleSlider_1.change_speed,\r\n\t\t\tpauseOnHover: singleSlider_1.pause_on_hover\r\n\t\t});\r\n\t});\r\n<\/script><style>\r\nul#slider_1 {\r\n\tmargin: 0;\r\n\twidth: 100%;\r\n\theight: 100%;\r\n\tmax-width: 480px;\r\n\tmax-height: 300px;\r\n\toverflow: visible;\r\n\tpadding: 0;\r\n}\r\n\r\n.slider_1 {\r\n\twidth: 100%;\r\n\theight: 100%;\r\n\tmax-width: 480px;\r\n\tmax-height: 300px;\r\nmargin-left: calc(100% - 480px);}\r\n.huge-it-wrap:after,\r\n.huge-it-slider:after,\r\n.huge-it-thumb-wrap:after,\r\n.huge-it-arrows:after,\r\n.huge-it-caption:after {\r\n\tcontent: \".\";\r\n\tdisplay: block;\r\n\theight: 0;\r\n\tclear: both;\r\n\tline-height: 0;\r\n\tvisibility: hidden;\r\n}\r\n\r\n.video_cover, .playSlider, .pauseSlider, div[class*=playButton] {\r\n\tdisplay: none !important;\r\n}\r\n\r\n.huge-it-thumb-wrap .video_cover {\r\n\tdisplay: block !important;\r\n}\r\n\r\niframe.huge_it_vimeo_iframe {\r\n\theight: 300px;\r\n}\r\n\r\ndiv[class*=slider-loader-] {\r\n\tbackground: rgba(0, 0, 0, 0) url(https:\/\/fedecon.de\/wp-content\/plugins\/slider-image\/assets\/images\/front\/loading\/loading1.gif) no-repeat center;\r\n\theight: 90px;\r\n\toverflow: hidden;\r\n\tposition: absolute;\r\n\ttop: 105px;;\r\n\twidth: 480px;;\r\n\tz-index: 3;\r\n}\r\n\r\n.huge-it-wrap {\r\n\topacity: 0;\r\n\tposition: relative;\r\n\tborder: 0px solid #ffffff;\r\n\t-webkit-border-radius: 0px;\r\n\t-moz-border-radius: 0px;\r\n\tborder-radius: 0px;\r\n\toverflow: hidden;;\r\n}\r\n\r\n.huge-it-slide-bg {\r\n\tbackground: rgba(255,255,255,1);\r\n}\r\n\r\n.huge-it-caption {\r\n\tposition: absolute;\r\n\tdisplay: block;\r\n}\r\n\r\n.huge-it-caption div {\r\n\tpadding: 10px 20px;\r\n\tline-height: normal;\r\n}\r\n\r\n.slider-title {\r\n\twidth: calc(30% - 20px);\r\n\tmargin: 10px;\r\n\tfont-size: 13px;\r\n\tcolor: #000000;\r\n\ttext-align: right;\r\n\tbackground: rgba(255,255,255,0.7);\r\n\tborder: 0px solid #ffffff;\r\n\tborder-radius: 4px;\r\nright: 0 !important; top: 0;}\r\n\r\n.slider-description {\r\n\twidth: calc(70% - 20px);\r\n\tmargin: 10px;\r\n\tfont-size: 13px;\r\n\tcolor: #ffffff;\r\n\ttext-align: justify;\r\n\tbackground: rgba(0,0,0,0.7);\r\n\r\n\r\n\tborder: 0px solid #ffffff;\r\n\tborder-radius: 0px;\r\nright: 0 !important; bottom: 0;}\r\n\r\n.slider_1 .huge-it-slider > li {\r\n\tlist-style: none;\r\n\tfilter: alpha(opacity=0);\r\n\topacity: 0;\r\n\twidth: 100%;\r\n\theight: 100%;\r\n\tmargin: 0 -100% 0 0;\r\n\tpadding: 0;\r\n\tfloat: left;\r\n\tposition: relative;\r\n\t;\r\n\toverflow: hidden;\r\n}\r\n\r\n.slider_1 .huge-it-slider > li > a {\r\n\tdisplay: block;\r\n\tpadding: 0;\r\n\tbackground: none;\r\n\t-webkit-border-radius: 0;\r\n\t-moz-border-radius: 0;\r\n\tborder-radius: 0;\r\n\twidth: 100%;\r\n\theight: 100%;\r\n}\r\n\r\n.slider_1 .huge-it-slider > li img {\r\n\tmax-width: 100%;\r\n\tmax-height: 100%;\r\n\tmargin: 0;\r\n\tcursor: pointer;\t\r\n}\r\n\r\n.slider_1 .huge-it-slide-bg, .slider_1 .huge-it-slider > li, .slider_1 .huge-it-slider > li > a, .slider_1 .huge-it-slider > li img {\r\n\t;\r\n}\r\n\r\n.huge-it-dot-wrap {\r\n\tposition: absolute;\r\ntop: 5px;height: 20px;\tleft: 50%;\r\n\ttransform: translateX(-50%);\r\n\tz-index: 999;\r\n}\r\n\r\n.huge-it-dot-wrap a {\r\n\t-webkit-border-radius: 8px;\r\n\t-moz-border-radius: 8px;\r\n\tborder-radius: 8px;\r\n\tcursor: pointer;\r\n\tdisplay: block;\r\n\tfloat: left;\r\n\theight: 11px;\r\n\tmargin: 2px !important;\r\n\tposition: relative;\r\n\ttext-align: left;\r\n\ttext-indent: 9999px;\r\n\twidth: 11px !important;\r\n\tbackground: #000000;\r\n\tbox-shadow: none;\r\n}\r\n\r\n.huge-it-dot-wrap a.active:focus, .huge-it-dot-wrap a:focus,\r\n.huge-it-thumb-wrap > a:focus, .huge-it-thumb-wrap > a.active:focus {\r\n\toutline: none;\r\n}\r\n\r\n.huge-it-dot-wrap a:hover {\r\n\tbackground: #000000;\r\n\tbox-shadow: none !important;\r\n}\r\n\r\n.huge-it-dot-wrap a.active {\r\n\tbackground: #ffffff;\r\n\tbox-shadow: none;\r\n}\r\n\r\n.huge-it-thumb-wrap {\r\n\tbackground: #ffffff;\r\n\theight: 105px ;\r\n\tmargin-left: 0;\r\n}\r\n\r\n.huge-it-thumb-wrap a.active img {\r\n\tborder-radius: 5px;\r\n\topacity: 1;\r\n}\r\n\r\n.huge-it-thumb-wrap > a {\r\n\theight: 100px;\r\n\tdisplay: block;\r\n\tfloat: left;\r\n\tposition: relative;\r\n\t-moz-box-sizing: border-box;\r\n\t-webkit-box-sizing: border-box;\r\n\tbox-sizing: border-box;\r\n\tbackground: #ffffff;\r\n}\r\n\r\n.huge-it-thumb-wrap a img {\r\n\topacity: 1;\r\n\theight: 100px;\r\n\twidth: 100%;\r\n\tdisplay: block;\r\n\t-ms-interpolation-mode: bicubic;\r\n\tbox-shadow: none !important;\r\n}\r\n\r\n.huge-it-grid {\r\n\tposition: absolute;\r\n\toverflow: hidden;\r\n\twidth: 100%;\r\n\theight: 100%;\r\n\tdisplay: none;\r\n}\r\n\r\n.huge-it-gridlet {\r\n\tposition: absolute;\r\n\topacity: 1;\r\n}\r\n\r\n.huge-it-arrows .huge-it-next,\r\n.huge-it-arrows .huge-it-prev {\r\n\tz-index: 1;\r\n}\r\n\r\n.huge-it-arrows:hover .huge-it-next,\r\n.huge-it-arrows:hover .huge-it-prev {\r\n\tz-index: 2;\r\n}\r\n\r\n.huge-it-arrows {\r\n\tcursor: pointer;\r\n\theight: 40px;\r\n\tmargin-top: -20px;\r\n\tposition: absolute;\r\n\ttop: 50%;\r\n\t\/*transform: translateY(-50%);*\/\r\n\twidth: 40px;\r\n\tz-index: 2;\r\n\tcolor: rgba(0, 0, 0, 0);\r\n\toutline: none;\r\n\tbox-shadow: none !important;\r\n}\r\n\r\n.huge-it-arrows:hover, .huge-it-arrows:active, .huge-it-arrows:focus,\r\n.huge-it-dot-wrap a:hover, .huge-it-dot-wrap a:active, .huge-it-dot-wrap a:focus {\r\n\toutline: none;\r\n\tbox-shadow: none !important;\r\n}\r\n\r\n.ts-arrow:hover {\r\n\topacity: .95;\r\n\ttext-decoration: none;\r\n}\r\n\r\n.huge-it-prev {\r\n\tleft:0;\r\n\tmargin-top:-21px;\r\n\theight:43px;\r\n\twidth:29px;\r\n\tbackground:url(https:\/\/fedecon.de\/wp-content\/plugins\/slider-image\/assets\/images\/front\/arrows\/arrows1.png) left  top no-repeat;\r\n\tbackground-size: 200%;\r\n}\r\n\r\n.huge-it-next {\r\n\tright:0;\r\n\tmargin-top:-21px;\r\n\theight:43px;\r\n\twidth:29px;\r\n\tbackground:url(https:\/\/fedecon.de\/wp-content\/plugins\/slider-image\/assets\/images\/front\/arrows\/arrows1.png) right top no-repeat;\r\n\tbackground-size: 200%;\r\n\r\n}\r\n<\/style>\r\n<\/td>\n<\/tr>\n<\/tbody>\n<\/table>\n<p>&nbsp;<\/p>\n<hr \/>\n<p>Die Kontrolle von baulichen Ma\u00dfnahmen zur Instandhaltung und Instandsetzung bieten wir gerne mit an. Hierf\u00fcr greifen wir auf Reihe von Handwerkern und Hausmeistern zur\u00fcck, die bei der Werterhaltung Ihrer Immobilie tatkr\u00e4ftig unterst\u00fctzen.<\/p>\n","protected":false},"excerpt":{"rendered":"<p>Die FEDECON GmbH ist ein Dienstleistungsunternehmen, welches sich u.a. auf die Vermittlung von gewerblichen Immobilien spezialisiert hat. Gerne bieten wir Ihnen aus unserem Immobilienbestand, die f\u00fcr Sie stimmigen Lager- oder Produktionsfl\u00e4chen, das entsprechende Gewerbegrundst\u00fcck, ein verkehrstechnisch ideal angebundenes Umschlaglager, sowie entsprechende B\u00fcro- oder Servicefl\u00e4chen zur Miete oder zum Kauf an. Neben der Verwaltung k\u00fcmmern wir&#8230;<\/p>\n","protected":false},"author":1,"featured_media":34,"parent":0,"menu_order":0,"comment_status":"closed","ping_status":"closed","template":"","meta":{"footnotes":""},"_links":{"self":[{"href":"https:\/\/fedecon.de\/index.php?rest_route=\/wp\/v2\/pages\/19"}],"collection":[{"href":"https:\/\/fedecon.de\/index.php?rest_route=\/wp\/v2\/pages"}],"about":[{"href":"https:\/\/fedecon.de\/index.php?rest_route=\/wp\/v2\/types\/page"}],"author":[{"embeddable":true,"href":"https:\/\/fedecon.de\/index.php?rest_route=\/wp\/v2\/users\/1"}],"replies":[{"embeddable":true,"href":"https:\/\/fedecon.de\/index.php?rest_route=%2Fwp%2Fv2%2Fcomments&post=19"}],"version-history":[{"count":5,"href":"https:\/\/fedecon.de\/index.php?rest_route=\/wp\/v2\/pages\/19\/revisions"}],"predecessor-version":[{"id":188,"href":"https:\/\/fedecon.de\/index.php?rest_route=\/wp\/v2\/pages\/19\/revisions\/188"}],"wp:featuredmedia":[{"embeddable":true,"href":"https:\/\/fedecon.de\/index.php?rest_route=\/wp\/v2\/media\/34"}],"wp:attachment":[{"href":"https:\/\/fedecon.de\/index.php?rest_route=%2Fwp%2Fv2%2Fmedia&parent=19"}],"curies":[{"name":"wp","href":"https:\/\/api.w.org\/{rel}","templated":true}]}}