{"id":23,"date":"2017-03-14T12:23:05","date_gmt":"2017-03-14T12:23:05","guid":{"rendered":"http:\/\/fedecon.de\/?page_id=23"},"modified":"2023-02-12T20:32:56","modified_gmt":"2023-02-12T18:32:56","slug":"impressum","status":"publish","type":"page","link":"https:\/\/fedecon.de\/?page_id=23","title":{"rendered":"Impressum"},"content":{"rendered":"<p>FEDECON GmbH<br \/>\nSpessartstr. 1<br \/>\n63811 Stockstadt am Main<br \/>\nTel: +49 172 &#8211; 253 781 8<br \/>\nFax:\u00a0 + 49 6027 &#8211; 990 118 2<br \/>\nemail: info(at)fedecon.de<br \/>\nweb: www.fedecon.de<br \/>\nSteuernr.: <!--margins 0,0,0,0--><!--sendservice \"EMAIL\"--> 20 412 630 417<\/p>\n<table id=\"contenttable\" border=\"0\" cellspacing=\"0\" cellpadding=\"0\">\n<tbody>\n<tr>\n<td valign=\"top\">\n<table style=\"height: 15px;\" border=\"0\" width=\"1089\" cellspacing=\"0\" cellpadding=\"0\">\n<tbody>\n<tr>\n<td id=\"companydata\" valign=\"top\"><\/td>\n<\/tr>\n<\/tbody>\n<\/table>\n<\/td>\n<\/tr>\n<\/tbody>\n<\/table>\n<p>Handelsregister: Amtsgericht Aschaffenburg HRB 9630<br \/>\nGesch\u00e4ftsf\u00fchrer: Frank Pedic<\/p>\n<p><strong>Inhalt des Online-Angebots<\/strong><br \/>\nDer Autor \u00fcbernimmt keinerlei Gew\u00e4hr f\u00fcr die Aktualit\u00e4t, Korrektheit, Vollst\u00e4ndigkeit oder Qualit\u00e4t der bereitgestellten Informationen. Haftungsanspr\u00fcche gegen den Autor, die sich auf Sch\u00e4den materieller oder ideeller Art beziehen, welche durch die Nutzung oder Nichtnutzung der dargebotenen Informationen bzw. durch die Nutzung fehlerhafter und unvollst\u00e4ndiger Informationen verursacht wurden, sind grunds\u00e4tzlich ausgeschlossen, sofern seitens des Autors kein nachweislich vors\u00e4tzliches oder grob fahrl\u00e4ssiges Verschulden vorliegt. Alle Angebote sind freibleibend und unverbindlich. Der Autor beh\u00e4lt es sich ausdr\u00fccklich vor, Teile der Seiten oder das gesamte Angebot ohne gesonderte Ank\u00fcndigung zu ver\u00e4ndern, zu erg\u00e4nzen, zu l\u00f6schen oder die Ver\u00f6ffentlichung zeitweise oder endg\u00fcltig einzustellen.<\/p>\n<p><strong>Urheberrecht<br \/>\n<\/strong>Der Autor ist bestrebt, in allen Publikationen die Urheberrechte der verwendeten Grafiken, Tondokumente, Videosequenzen und Texte zu beachten, von ihm selbst erstellte Grafiken, Tondokumente, Videosequenzen und Texte zu nutzen oder auf lizenzfreie Grafiken, Tondokumente, Videosequenzen und Texte zur\u00fcckzugreifen. Das Copyright f\u00fcr ver\u00f6ffentlichte, vom Autor selbst erstellte Objekte bleibt allein beim Autor der Seiten. Eine Vervielf\u00e4ltigung oder Verwendung solcher Grafiken, Tondokumente, Videosequenzen und Texte in anderen elektronischen oder gedruckten Publikationen ist ohne ausdr\u00fcckliche Zustimmung des Autors nicht gestattet.<\/p>\n<p><strong>Rechtswirksamkeit dieses Haftungsausschlusses<\/strong><br \/>\nDieser Haftungsausschluss ist als Teil des Internetangebotes zu betrachten, von dem aus auf diese Seite verwiesen wurde. Sofern Teile oder einzelne Formulierungen dieses Textes der geltenden Rechtslage nicht, nicht mehr oder nicht vollst\u00e4ndig entsprechen sollten, bleiben die \u00fcbrigen Teile des Dokumentes in ihrem Inhalt und ihrer G\u00fcltigkeit davon unber\u00fchrt.<\/p>\n<p><strong>Kontaktformular<\/strong><br \/>\nVon Ihnen im Kontaktformular eingegebene Daten wie Name, Firma, E-Mail und Telefon speichern und verwenden wir zum Zwecke der individuellen Kommunikation mit Ihnen. Bitte beachten Sie, dass die \u00dcbermittlung der Daten nicht verschl\u00fcsselt erfolgt und deshalb keine vertraulichen Informationen \u00fcber das Kontaktformular gesendet werden sollten.<\/p>\n<p><strong>Rechtliche Anmerkung<\/strong><br \/>\nKein Teil dieser Publikation darf ohne ausdr\u00fcckliche schriftliche Genehmigung des Herausgebers in irgendeiner Form reproduziert oder unter Verwendung elektronischer Systeme verarbeitet, vervielf\u00e4ltigt oder verbreitet werden.<\/p>\n<p><strong>Schutzrechtsverletzung<\/strong><br \/>\nFalls Sie vermuten, dass von dieser Website aus eines Ihrer Schutzrechte verletzt wird, teilen Sie das bitte umgehend per elektronischer Post mit, damit z\u00fcgig Abhilfe geschafft werden kann. Bitte nehmen Sie zur Kenntnis: Die zeitaufw\u00e4ndigere Einschaltung eines Anwaltes zur f\u00fcr den Diensteanbieter kostenpflichtigen Abmahnung entspricht nicht dessen wirklichen oder mutma\u00dflichen Willen.<\/p>\n<p><strong>Facebook PlugIn<\/strong><br \/>\nWir haben in unserer Internetpr\u00e4senz sogenannte Plug-ins des sozialen Netzwerks facebook.com (nachfolgend \u201eFacebook\u201c) integriert.<br \/>\nFacebook ist ein Unternehmen der Facebook Inc., 1601 S. California Ave, Palo Alto, CA 94304, USA.<\/p>\n<p>Bei jedem Aufruf einer Webseite unserer Internetpr\u00e4senz, die mit einem solchen Plug-in versehen ist, veranlasst das Plug-in, dass der von Ihnen verwendete Browser die optische Darstellung des Plug-ins vom Facebook-Server l\u00e4dt und darstellt. Dabei wird dem Facebook-Server mitgeteilt, welche bestimmte Webseite unserer Internetpr\u00e4senz Sie gerade besuchen.<\/p>\n<p>Wenn Sie Mitglied bei Facebook und w\u00e4hrend des Besuchs unserer Internetpr\u00e4senz bei Facebook eingeloggt sind, erkennt Facebook durch die von dem Plug-in gesendete Information, welche bestimmte Webseite unserer Internetpr\u00e4senz Sie gerade besuchen und weist dies Ihrem pers\u00f6nlichen Benutzerkonto auf Facebook zu. Bet\u00e4tigen Sie nun eines der Plug-ins, beispielsweise durch Anklicken des \u201eGef\u00e4llt mir\u201c-Buttons oder durch die Abgabe eines Kommentares, wird dies an Ihr pers\u00f6nliches Benutzerkonto auf Facebook gesendet und dort gespeichert. Zudem wird die Information, dass Sie unsere Internetpr\u00e4senz besucht haben, an Facebook \u00fcbermittelt, unabh\u00e4ngig davon, ob Sie eines der Plug-ins bet\u00e4tigen oder nicht.<\/p>\n<p>Um das \u00dcbermitteln und Speichern von Daten \u00fcber Sie und Ihr Surfverhalten durch Facebook zu verhindern, m\u00fcssen Sie sich bei Facebook ausloggen, bevor Sie unsere Internetpr\u00e4senz besuchen. In den Datenschutzhinweisen von Facebook finden Sie n\u00e4here Informationen zur Erhebung und Nutzung von Daten durch Facebook, zu Ihren diesbez\u00fcglichen Rechten sowie zu den Einstellungsm\u00f6glichkeiten zum Schutz Ihrer Privatsph\u00e4re.<\/p>\n<p><strong>Verwendung der Google \u201e+1\u201c-Schaltfl\u00e4che<br \/>\n<\/strong>Wir verwenden auf unserer Webseite die \u201e+1\u201c-Schaltfl\u00e4che des sozialen Netzwerks Google+ (Google Plus) der Google Inc., 1600 Amphitheatre Parkway, Mountain View, Kalifornien, 94043 USA, (nachfolgend \u201eGoogle\u201c). Bei jedem Aufruf einer Webseite unserer Internetpr\u00e4senz, die mit einer \u201e+1\u201c-Schaltfl\u00e4che versehen ist, veranlasst die \u201e+1\u201c-Schaltfl\u00e4che, dass der von Ihnen verwendete Browser die optische Darstellung der \u201e+1\u201c-Schaltfl\u00e4che vom Google-Server l\u00e4dt und darstellt.<br \/>\nDabei wird dem Google-Server mitgeteilt, welche bestimmte Webseite unserer Internetpr\u00e4senz Sie gerade besuchen. Google protokolliert Ihren Browserverlauf beim Anzeigen einer \u201e+1\u201c-Schaltfl\u00e4che f\u00fcr die Dauer von bis zu zwei Wochen zu Systemwartungs- und Fehlerbehebungszwecken. Eine weitergehende Auswertung Ihres Besuchs einer Webseite unserer Internetpr\u00e4senz mit einer \u201e+1\u201c-Schaltfl\u00e4che erfolgt nicht. Bet\u00e4tigen Sie die \u201e+1\u201c-Schaltfl\u00e4che, w\u00e4hrend Sie bei Google+ (Google Plus) eingeloggt sind, erfasst Google \u00fcber Ihr Google-Profil Informationen \u00fcber die von Ihnen empfohlene URL, Ihre IP-Adresse und andere browserbezogene Informationen, damit Ihre \u201e+1\u201c-Empfehlung gespeichert und \u00f6ffentlich zug\u00e4nglich gemacht werden kann. Ihre \u201e+1\u201c-Empfehlungen k\u00f6nnen als Hinweise zusammen mit Ihrem Profilnamen und Ihrem Foto in Google-Diensten, wie etwa in Suchergebnissen oder in Ihrem Google-Profil (als \u201e+1\u201c-Tab in Ihrem Google-Profil), oder an anderen Stellen auf Webseiten und Anzeigen im Internet eingeblendet werden.<br \/>\nUnter der nachstehenden Internetadresse finden Sie die Datenschutzhinweise von Google zur \u201e+1\u201c-Schaltfl\u00e4che mit n\u00e4heren Informationen zur Erfassung, Weitergabe und Nutzung von Daten durch Google, zu Ihren diesbez\u00fcglichen Rechten sowie zu Ihren Profileinstellungsm\u00f6glichkeiten:<br \/>\nhttps:\/\/www.google.com\/intl\/de\/+\/policy\/+1button.html<\/p>\n<p><strong>Goolge Analytics<\/strong><br \/>\nUnsere Webseite benutzt Google Analytics, einen Webanalysedienst der Google Inc. (\u201eGoogle\u201c). Google Analytics verwendet sogennante \u201eCookies\u201c, Textdateien, die auf Ihrem Computer gespeichert werden und die eine Analyse der Benutzung der Webseite durch Sie erm\u00f6glichen. Die durch den Cookie erzeugten Informationen \u00fcber Ihre Benutzung dieser Webseite (einschlie\u00dflich Ihrer IP-Adresse) werden an einen Server von Google in den USA \u00fcbertragen und dort gespeichert. Google wird diese Informationen benutzen, um Ihre Nutzung der Webseite auszuwerten, um Reports \u00fcber die Webseiteaktivit\u00e4ten f\u00fcr die Webseitebetreiber zusammenzustellen und um weitere mit der Webseitenutzung und der Internetnutzung verbundene Dienstleistungen zu erbringen. Auch wird Google diese Informationen gegebenenfalls an Dritte \u00fcbertragen, sofern dies gesetzlich vorgeschrieben oder soweit Dritte diese Daten im Auftrag von Google verarbeiten. Google wird in keinem Fall Ihre IP-Adresse mit anderen Daten von Google in Verbindung bringen. Sie k\u00f6nnen die Installation der Cookies durch eine entsprechende Einstellung Ihrer Browser Software verhindern; wir weisen Sie jedoch darauf hin, dass Sie in diesem Fall gegebenenfalls nicht s\u00e4mtliche Funktionen dieser Webseite vollumf\u00e4nglich nutzen k\u00f6nnen. Durch die Nutzung dieser Webseite erkl\u00e4ren Sie sich mit der Bearbeitung der \u00fcber Sie erhobenen Daten durch Google in der zuvor beschriebenen Art und Weise und zu dem zuvor benannten Zweck einverstanden. Der Datenerhebung und -speicherung kann jederzeit mit Wirkung f\u00fcr die Zukunft widersprochen werden. Unsere Kontaktadresse f\u00fcr den Widerspruch finden Sie in unserem Impressum. Alternativ k\u00f6nnen Sie das Deaktivierungs-Add-on von Google Analytics (http:\/\/tools.google.com\/dlpage\/gaoptout?hl=de) verwenden, sofern es f\u00fcr Ihren Browser verf\u00fcgbar ist. Es wird darauf hingewiesen, dass diese Webseite Google Analytics mit der Erweiterung der IP-Anonymisierung verwendet und daher IP-Adressen nur gek\u00fcrzt weiterverarbeitet werden, um eine direkte Personenbeziehbarkeit auszuschlie\u00dfen.<\/p>\n","protected":false},"excerpt":{"rendered":"<p>FEDECON GmbH Spessartstr. 1 63811 Stockstadt am Main Tel: +49 172 &#8211; 253 781 8 Fax:\u00a0 + 49 6027 &#8211; 990 118 2 email: info(at)fedecon.de web: www.fedecon.de Steuernr.: 20 412 630 417 Handelsregister: Amtsgericht Aschaffenburg HRB 9630 Gesch\u00e4ftsf\u00fchrer: Frank Pedic Inhalt des Online-Angebots Der Autor \u00fcbernimmt keinerlei Gew\u00e4hr f\u00fcr die Aktualit\u00e4t, Korrektheit, Vollst\u00e4ndigkeit oder Qualit\u00e4t&#8230;<\/p>\n","protected":false},"author":1,"featured_media":0,"parent":0,"menu_order":0,"comment_status":"closed","ping_status":"closed","template":"","meta":{"footnotes":""},"_links":{"self":[{"href":"https:\/\/fedecon.de\/index.php?rest_route=\/wp\/v2\/pages\/23"}],"collection":[{"href":"https:\/\/fedecon.de\/index.php?rest_route=\/wp\/v2\/pages"}],"about":[{"href":"https:\/\/fedecon.de\/index.php?rest_route=\/wp\/v2\/types\/page"}],"author":[{"embeddable":true,"href":"https:\/\/fedecon.de\/index.php?rest_route=\/wp\/v2\/users\/1"}],"replies":[{"embeddable":true,"href":"https:\/\/fedecon.de\/index.php?rest_route=%2Fwp%2Fv2%2Fcomments&post=23"}],"version-history":[{"count":5,"href":"https:\/\/fedecon.de\/index.php?rest_route=\/wp\/v2\/pages\/23\/revisions"}],"predecessor-version":[{"id":236,"href":"https:\/\/fedecon.de\/index.php?rest_route=\/wp\/v2\/pages\/23\/revisions\/236"}],"wp:attachment":[{"href":"https:\/\/fedecon.de\/index.php?rest_route=%2Fwp%2Fv2%2Fmedia&parent=23"}],"curies":[{"name":"wp","href":"https:\/\/api.w.org\/{rel}","templated":true}]}}